{"id":34721,"date":"2025-10-06T19:21:39","date_gmt":"2025-10-06T22:21:39","guid":{"rendered":"https:\/\/bdmax.com.ar\/energia-solar\/?post_type=product&#038;p=34721"},"modified":"2025-10-06T19:21:39","modified_gmt":"2025-10-06T22:21:39","slug":"smart-meter","status":"publish","type":"product","link":"https:\/\/bdmax.com.ar\/energia-solar\/product\/smart-meter\/","title":{"rendered":"Smart Meter"},"content":{"rendered":"<h5>Precisi\u00f3n<\/h5>\n<p>&#8211; Medici\u00f3n de alta precisi\u00f3n (Clase 1)<\/p>\n<h5>Gesti\u00f3n de la energ\u00eda<\/h5>\n<p>&#8211; Control de la energ\u00eda de exportaci\u00f3n &amp; Autoconsumo<\/p>\n<p>Smart Meter<\/p>\n<p>Growatt Smart Meter es una soluci\u00f3n individual para la limitaci\u00f3n de exportaci\u00f3n a la red y la supervisi\u00f3n del autoconsumo. Es compatible con los inversores de energ\u00eda solar y almacenamiento de Growatt. Dispone de comunicaci\u00f3n RS485 y conexi\u00f3n directa al inversor; es rentable y f\u00e1cil de instalar. Growatt ofrece las opciones de medidor de conexi\u00f3n directa y la de medidor de TC.<\/p>\n","protected":false},"excerpt":{"rendered":"<p>Precisi\u00f3n &#8211; Medici\u00f3n de alta precisi\u00f3n (Clase 1) Gesti\u00f3n de la energ\u00eda &#8211; Control de la energ\u00eda de exportaci\u00f3n &amp; Autoconsumo Smart Meter Growatt Smart Meter es una soluci\u00f3n individual para la limitaci\u00f3n de exportaci\u00f3n a la red y la supervisi\u00f3n del autoconsumo. Es compatible con los inversores de energ\u00eda solar y almacenamiento de Growatt. [&hellip;]<\/p>\n","protected":false},"featured_media":34722,"template":"","meta":{"_acf_changed":false,"rs_blank_template":"","rs_page_bg_color":"","slide_template_v7":""},"product_brand":[],"product_cat":[88,45],"product_tag":[],"class_list":{"0":"post-34721","1":"product","2":"type-product","3":"status-publish","4":"has-post-thumbnail","6":"product_cat-accesorios","7":"product_cat-gestion-inteligente-de-la-energia","9":"first","10":"instock","11":"taxable","12":"shipping-taxable","13":"product-type-simple"},"acf":[],"_links":{"self":[{"href":"https:\/\/bdmax.com.ar\/energia-solar\/wp-json\/wp\/v2\/product\/34721","targetHints":{"allow":["GET"]}}],"collection":[{"href":"https:\/\/bdmax.com.ar\/energia-solar\/wp-json\/wp\/v2\/product"}],"about":[{"href":"https:\/\/bdmax.com.ar\/energia-solar\/wp-json\/wp\/v2\/types\/product"}],"wp:featuredmedia":[{"embeddable":true,"href":"https:\/\/bdmax.com.ar\/energia-solar\/wp-json\/wp\/v2\/media\/34722"}],"wp:attachment":[{"href":"https:\/\/bdmax.com.ar\/energia-solar\/wp-json\/wp\/v2\/media?parent=34721"}],"wp:term":[{"taxonomy":"product_brand","embeddable":true,"href":"https:\/\/bdmax.com.ar\/energia-solar\/wp-json\/wp\/v2\/product_brand?post=34721"},{"taxonomy":"product_cat","embeddable":true,"href":"https:\/\/bdmax.com.ar\/energia-solar\/wp-json\/wp\/v2\/product_cat?post=34721"},{"taxonomy":"product_tag","embeddable":true,"href":"https:\/\/bdmax.com.ar\/energia-solar\/wp-json\/wp\/v2\/product_tag?post=34721"}],"curies":[{"name":"wp","href":"https:\/\/api.w.org\/{rel}","templated":true}]}}