{"id":34719,"date":"2025-10-06T19:16:53","date_gmt":"2025-10-06T22:16:53","guid":{"rendered":"https:\/\/bdmax.com.ar\/energia-solar\/?post_type=product&#038;p=34719"},"modified":"2025-10-06T19:16:53","modified_gmt":"2025-10-06T22:16:53","slug":"plataformas-de-monitorizacion-growatt","status":"publish","type":"product","link":"https:\/\/bdmax.com.ar\/energia-solar\/product\/plataformas-de-monitorizacion-growatt\/","title":{"rendered":"Plataformas de monitorizaci\u00f3n Growatt"},"content":{"rendered":"<h5>ShinePhone<\/h5>\n<p>&#8211; APP de supervisi\u00f3n del sistema para usuarios<\/p>\n<p>&#8211; Una APP para todos los productos Growatt<\/p>\n<p>&#8211; Configuraci\u00f3n wifi sencilla<\/p>\n<h5>ShineServer<\/h5>\n<p>&#8211; Plataforma de monitorizaci\u00f3n versi\u00f3n web para usuarios<\/p>\n<p>&#8211; Autoconsumo y visualizaci\u00f3n de las tendencias de la energ\u00eda<\/p>\n<h5>ShineTools<\/h5>\n<p>&#8211; Versi\u00f3n ligera, APP de O&amp;M (operaci\u00f3n y mantenimiento)<\/p>\n<p>&#8211; Puesta en servicio local y actualizaci\u00f3n local del firmware<\/p>\n<h5>OSS<\/h5>\n<p>&#8211; Potente plataforma O&amp;M para instaladores y distribuidores<\/p>\n<p>&#8211; Diagn\u00f3stico inteligente en l\u00ednea de curvas de I-V<\/p>\n<p>&nbsp;<\/p>\n","protected":false},"excerpt":{"rendered":"<p>ShinePhone &#8211; APP de supervisi\u00f3n del sistema para usuarios &#8211; Una APP para todos los productos Growatt &#8211; Configuraci\u00f3n wifi sencilla ShineServer &#8211; Plataforma de monitorizaci\u00f3n versi\u00f3n web para usuarios &#8211; Autoconsumo y visualizaci\u00f3n de las tendencias de la energ\u00eda ShineTools &#8211; Versi\u00f3n ligera, APP de O&amp;M (operaci\u00f3n y mantenimiento) &#8211; Puesta en servicio local [&hellip;]<\/p>\n","protected":false},"featured_media":34720,"template":"","meta":{"_acf_changed":false,"rs_blank_template":"","rs_page_bg_color":"","slide_template_v7":""},"product_brand":[],"product_cat":[45,87],"product_tag":[],"class_list":{"0":"post-34719","1":"product","2":"type-product","3":"status-publish","4":"has-post-thumbnail","6":"product_cat-gestion-inteligente-de-la-energia","7":"product_cat-monitorizacion","9":"first","10":"instock","11":"taxable","12":"shipping-taxable","13":"product-type-simple"},"acf":[],"_links":{"self":[{"href":"https:\/\/bdmax.com.ar\/energia-solar\/wp-json\/wp\/v2\/product\/34719","targetHints":{"allow":["GET"]}}],"collection":[{"href":"https:\/\/bdmax.com.ar\/energia-solar\/wp-json\/wp\/v2\/product"}],"about":[{"href":"https:\/\/bdmax.com.ar\/energia-solar\/wp-json\/wp\/v2\/types\/product"}],"wp:featuredmedia":[{"embeddable":true,"href":"https:\/\/bdmax.com.ar\/energia-solar\/wp-json\/wp\/v2\/media\/34720"}],"wp:attachment":[{"href":"https:\/\/bdmax.com.ar\/energia-solar\/wp-json\/wp\/v2\/media?parent=34719"}],"wp:term":[{"taxonomy":"product_brand","embeddable":true,"href":"https:\/\/bdmax.com.ar\/energia-solar\/wp-json\/wp\/v2\/product_brand?post=34719"},{"taxonomy":"product_cat","embeddable":true,"href":"https:\/\/bdmax.com.ar\/energia-solar\/wp-json\/wp\/v2\/product_cat?post=34719"},{"taxonomy":"product_tag","embeddable":true,"href":"https:\/\/bdmax.com.ar\/energia-solar\/wp-json\/wp\/v2\/product_tag?post=34719"}],"curies":[{"name":"wp","href":"https:\/\/api.w.org\/{rel}","templated":true}]}}