{"id":34716,"date":"2025-10-06T19:12:38","date_gmt":"2025-10-06T22:12:38","guid":{"rendered":"https:\/\/bdmax.com.ar\/energia-solar\/?post_type=product&#038;p=34716"},"modified":"2025-10-06T19:12:38","modified_gmt":"2025-10-06T22:12:38","slug":"sem-sem-e","status":"publish","type":"product","link":"https:\/\/bdmax.com.ar\/energia-solar\/product\/sem-sem-e\/","title":{"rendered":"SEM\/SEM-E"},"content":{"rendered":"<h5>Gesti\u00f3n inteligente<\/h5>\n<p>&#8211; Limitaci\u00f3n de la exportaci\u00f3n &amp; Monitorizaci\u00f3n 24\u00a0h del autoconsumo<\/p>\n<p>&#8211; Admite la monitorizaci\u00f3n y la asistencia t\u00e9cnica en l\u00ednea<\/p>\n<h5>Instalaci\u00f3n sencilla<\/h5>\n<p>&#8211; Sistema integrado con ShineMaster y medidor<\/p>\n<p>&#8211; Simplifique el cableado del sistema C&amp;I<\/p>\n<h5>Flexibilidad &amp; Fiabilidad<\/h5>\n<p>&#8211; TC flexibles para proyectos de diferentes tama\u00f1os<\/p>\n<p>&#8211; A prueba de fallos y control de alta precisi\u00f3n<\/p>\n<p>&#8211; Puede funcionar con redes trif\u00e1sicas de 380\u00a0V y 480\u00a0V<\/p>\n<p>Smart Energy Manager<\/p>\n<p>Smart Energy Manager est\u00e1 dise\u00f1ado para monitorizar el autoconsumo y la limitaci\u00f3n de la exportaci\u00f3n de sistemas de energ\u00eda solar y de almacenamiento comerciales. Adem\u00e1s, puede proporcionar TC flexibles para varios tama\u00f1os de sistema con una alta precisi\u00f3n de control. Dispone de la funci\u00f3n a prueba de aver\u00edas para garantizar la seguridad y fiabilidad del sistema.<\/p>\n","protected":false},"excerpt":{"rendered":"<p>Gesti\u00f3n inteligente &#8211; Limitaci\u00f3n de la exportaci\u00f3n &amp; Monitorizaci\u00f3n 24\u00a0h del autoconsumo &#8211; Admite la monitorizaci\u00f3n y la asistencia t\u00e9cnica en l\u00ednea Instalaci\u00f3n sencilla &#8211; Sistema integrado con ShineMaster y medidor &#8211; Simplifique el cableado del sistema C&amp;I Flexibilidad &amp; Fiabilidad &#8211; TC flexibles para proyectos de diferentes tama\u00f1os &#8211; A prueba de fallos y [&hellip;]<\/p>\n","protected":false},"featured_media":34718,"template":"","meta":{"_acf_changed":false,"rs_blank_template":"","rs_page_bg_color":"","slide_template_v7":""},"product_brand":[],"product_cat":[45,87],"product_tag":[],"class_list":{"0":"post-34716","1":"product","2":"type-product","3":"status-publish","4":"has-post-thumbnail","6":"product_cat-gestion-inteligente-de-la-energia","7":"product_cat-monitorizacion","9":"first","10":"instock","11":"taxable","12":"shipping-taxable","13":"product-type-simple"},"acf":[],"_links":{"self":[{"href":"https:\/\/bdmax.com.ar\/energia-solar\/wp-json\/wp\/v2\/product\/34716","targetHints":{"allow":["GET"]}}],"collection":[{"href":"https:\/\/bdmax.com.ar\/energia-solar\/wp-json\/wp\/v2\/product"}],"about":[{"href":"https:\/\/bdmax.com.ar\/energia-solar\/wp-json\/wp\/v2\/types\/product"}],"wp:featuredmedia":[{"embeddable":true,"href":"https:\/\/bdmax.com.ar\/energia-solar\/wp-json\/wp\/v2\/media\/34718"}],"wp:attachment":[{"href":"https:\/\/bdmax.com.ar\/energia-solar\/wp-json\/wp\/v2\/media?parent=34716"}],"wp:term":[{"taxonomy":"product_brand","embeddable":true,"href":"https:\/\/bdmax.com.ar\/energia-solar\/wp-json\/wp\/v2\/product_brand?post=34716"},{"taxonomy":"product_cat","embeddable":true,"href":"https:\/\/bdmax.com.ar\/energia-solar\/wp-json\/wp\/v2\/product_cat?post=34716"},{"taxonomy":"product_tag","embeddable":true,"href":"https:\/\/bdmax.com.ar\/energia-solar\/wp-json\/wp\/v2\/product_tag?post=34716"}],"curies":[{"name":"wp","href":"https:\/\/api.w.org\/{rel}","templated":true}]}}