{"id":34704,"date":"2025-10-06T18:51:40","date_gmt":"2025-10-06T21:51:40","guid":{"rendered":"https:\/\/bdmax.com.ar\/energia-solar\/?post_type=product&#038;p=34704"},"modified":"2025-10-06T18:51:59","modified_gmt":"2025-10-06T21:51:59","slug":"shinewilan-x2","status":"publish","type":"product","link":"https:\/\/bdmax.com.ar\/energia-solar\/product\/shinewilan-x2\/","title":{"rendered":"ShineWiLan-X2"},"content":{"rendered":"<h5>Flexibilidad<\/h5>\n<p>&#8211; Dise\u00f1o tres en uno: Integrado con m\u00f3dulos WiFi, LAN y Bluetooth en un solo datalogger<\/p>\n<p>&#8211; Plug-and-play a trav\u00e9s de la conexi\u00f3n LAN<\/p>\n<h5>Inteligente<\/h5>\n<p>&#8211; Configuraci\u00f3n local simplificada y actualizaci\u00f3n de firmware para mejorar la funcionalidad<\/p>\n<p>&#8211; Supervisi\u00f3n y mantenimiento en l\u00ednea<\/p>\n<h5>Seguridad y fiabilidad<\/h5>\n<p>&#8211; Memoria integrada para un mes de datos<\/p>\n<p>&#8211; Soporta retransmisi\u00f3n de puntos de interrupci\u00f3n<\/p>\n<p>&#8211; IP65<\/p>\n<p>&nbsp;<\/p>\n","protected":false},"excerpt":{"rendered":"<p>Flexibilidad &#8211; Dise\u00f1o tres en uno: Integrado con m\u00f3dulos WiFi, LAN y Bluetooth en un solo datalogger &#8211; Plug-and-play a trav\u00e9s de la conexi\u00f3n LAN Inteligente &#8211; Configuraci\u00f3n local simplificada y actualizaci\u00f3n de firmware para mejorar la funcionalidad &#8211; Supervisi\u00f3n y mantenimiento en l\u00ednea Seguridad y fiabilidad &#8211; Memoria integrada para un mes de datos [&hellip;]<\/p>\n","protected":false},"featured_media":34705,"template":"","meta":{"_acf_changed":false,"rs_blank_template":"","rs_page_bg_color":"","slide_template_v7":""},"product_brand":[],"product_cat":[87],"product_tag":[],"class_list":{"0":"post-34704","1":"product","2":"type-product","3":"status-publish","4":"has-post-thumbnail","6":"product_cat-monitorizacion","8":"first","9":"instock","10":"taxable","11":"shipping-taxable","12":"product-type-simple"},"acf":[],"_links":{"self":[{"href":"https:\/\/bdmax.com.ar\/energia-solar\/wp-json\/wp\/v2\/product\/34704","targetHints":{"allow":["GET"]}}],"collection":[{"href":"https:\/\/bdmax.com.ar\/energia-solar\/wp-json\/wp\/v2\/product"}],"about":[{"href":"https:\/\/bdmax.com.ar\/energia-solar\/wp-json\/wp\/v2\/types\/product"}],"wp:featuredmedia":[{"embeddable":true,"href":"https:\/\/bdmax.com.ar\/energia-solar\/wp-json\/wp\/v2\/media\/34705"}],"wp:attachment":[{"href":"https:\/\/bdmax.com.ar\/energia-solar\/wp-json\/wp\/v2\/media?parent=34704"}],"wp:term":[{"taxonomy":"product_brand","embeddable":true,"href":"https:\/\/bdmax.com.ar\/energia-solar\/wp-json\/wp\/v2\/product_brand?post=34704"},{"taxonomy":"product_cat","embeddable":true,"href":"https:\/\/bdmax.com.ar\/energia-solar\/wp-json\/wp\/v2\/product_cat?post=34704"},{"taxonomy":"product_tag","embeddable":true,"href":"https:\/\/bdmax.com.ar\/energia-solar\/wp-json\/wp\/v2\/product_tag?post=34704"}],"curies":[{"name":"wp","href":"https:\/\/api.w.org\/{rel}","templated":true}]}}