{"id":34698,"date":"2025-10-06T18:44:44","date_gmt":"2025-10-06T21:44:44","guid":{"rendered":"https:\/\/bdmax.com.ar\/energia-solar\/?post_type=product&#038;p=34698"},"modified":"2025-10-06T18:44:44","modified_gmt":"2025-10-06T21:44:44","slug":"thor-11-22as-s-p","status":"publish","type":"product","link":"https:\/\/bdmax.com.ar\/energia-solar\/product\/thor-11-22as-s-p\/","title":{"rendered":"THOR 11\/22AS-S\/P"},"content":{"rendered":"<h5>Impulsado por energ\u00eda solar<\/h5>\n<p>&#8211; Se integra f\u00e1cilmente en el sistema de almacenamiento solar<\/p>\n<p>&#8211; Compatible con TODAS las marcas de VE<\/p>\n<p>&#8211; Cargue los VE con energ\u00eda renovable<\/p>\n<h5>Seguridad y fiabilidad<\/h5>\n<p>&#8211; Interruptor diferencial tipo A + protecci\u00f3n de corriente de defecto de 6\u00a0mA\u00a0CC<\/p>\n<p>&#8211; IP\u00a065<\/p>\n<p>Cargador inteligente de VE<\/p>\n<p>El cargador de VE inteligente de Growatt puede utilizarse en varios contextos, incluidos el residencial y el comercial. Su capacidad oscila entre 3-22\u00a0kW CA de carga y 20\/40\u00a0kW CC. Con el destacado sistema GroHome y el modo de carga FV, alimentada por energ\u00eda solar, mediante acoplamiento, puede cargar su coche con energ\u00eda 100\u00a0% renovable. El VE se cargar\u00e1 de forma din\u00e1mica con el excedente de energ\u00eda solar, usando de forma combinada el sistema FV y el cargador VE para maximizar la tasa de autoconsumo de energ\u00eda solar y reducir su factura.<\/p>\n<p>&nbsp;<\/p>\n","protected":false},"excerpt":{"rendered":"<p>Impulsado por energ\u00eda solar &#8211; Se integra f\u00e1cilmente en el sistema de almacenamiento solar &#8211; Compatible con TODAS las marcas de VE &#8211; Cargue los VE con energ\u00eda renovable Seguridad y fiabilidad &#8211; Interruptor diferencial tipo A + protecci\u00f3n de corriente de defecto de 6\u00a0mA\u00a0CC &#8211; IP\u00a065 Cargador inteligente de VE El cargador de VE [&hellip;]<\/p>\n","protected":false},"featured_media":34700,"template":"","meta":{"_acf_changed":false,"rs_blank_template":"","rs_page_bg_color":"","slide_template_v7":""},"product_brand":[],"product_cat":[86,38],"product_tag":[],"class_list":{"0":"post-34698","1":"product","2":"type-product","3":"status-publish","4":"has-post-thumbnail","6":"product_cat-cargador-ca-de-ve","7":"product_cat-cargador-de-ve","9":"first","10":"instock","11":"taxable","12":"shipping-taxable","13":"product-type-simple"},"acf":[],"_links":{"self":[{"href":"https:\/\/bdmax.com.ar\/energia-solar\/wp-json\/wp\/v2\/product\/34698","targetHints":{"allow":["GET"]}}],"collection":[{"href":"https:\/\/bdmax.com.ar\/energia-solar\/wp-json\/wp\/v2\/product"}],"about":[{"href":"https:\/\/bdmax.com.ar\/energia-solar\/wp-json\/wp\/v2\/types\/product"}],"wp:featuredmedia":[{"embeddable":true,"href":"https:\/\/bdmax.com.ar\/energia-solar\/wp-json\/wp\/v2\/media\/34700"}],"wp:attachment":[{"href":"https:\/\/bdmax.com.ar\/energia-solar\/wp-json\/wp\/v2\/media?parent=34698"}],"wp:term":[{"taxonomy":"product_brand","embeddable":true,"href":"https:\/\/bdmax.com.ar\/energia-solar\/wp-json\/wp\/v2\/product_brand?post=34698"},{"taxonomy":"product_cat","embeddable":true,"href":"https:\/\/bdmax.com.ar\/energia-solar\/wp-json\/wp\/v2\/product_cat?post=34698"},{"taxonomy":"product_tag","embeddable":true,"href":"https:\/\/bdmax.com.ar\/energia-solar\/wp-json\/wp\/v2\/product_tag?post=34698"}],"curies":[{"name":"wp","href":"https:\/\/api.w.org\/{rel}","templated":true}]}}