{"id":34692,"date":"2025-10-06T18:36:17","date_gmt":"2025-10-06T21:36:17","guid":{"rendered":"https:\/\/bdmax.com.ar\/energia-solar\/?post_type=product&#038;p=34692"},"modified":"2025-10-06T18:36:17","modified_gmt":"2025-10-06T21:36:17","slug":"syn-50-xh-1","status":"publish","type":"product","link":"https:\/\/bdmax.com.ar\/energia-solar\/product\/syn-50-xh-1\/","title":{"rendered":"SYN 50-XH-1"},"content":{"rendered":"<h5>Capacidad de reserva<\/h5>\n<p>&#8211; Reserva el\u00e9ctrica para toda la casa: hasta 6\u00a0kW<\/p>\n<p>&#8211; Tiempo de conmutaci\u00f3n de los modos En red y\/ Fuera de red en el intervalo de 0,5\u00a0s<\/p>\n<h5>Instalaci\u00f3n sencilla<\/h5>\n<p>&#8211; Disyuntor y medidor integrados<\/p>\n<h5>Flexibilidad de aplicaci\u00f3n<\/h5>\n<p>&#8211; Entrada y activaci\u00f3n del generador opcionales<\/p>\n<p>&nbsp;<\/p>\n<p>&nbsp;<\/p>\n","protected":false},"excerpt":{"rendered":"<p>Capacidad de reserva &#8211; Reserva el\u00e9ctrica para toda la casa: hasta 6\u00a0kW &#8211; Tiempo de conmutaci\u00f3n de los modos En red y\/ Fuera de red en el intervalo de 0,5\u00a0s Instalaci\u00f3n sencilla &#8211; Disyuntor y medidor integrados Flexibilidad de aplicaci\u00f3n &#8211; Entrada y activaci\u00f3n del generador opcionales &nbsp; &nbsp;<\/p>\n","protected":false},"featured_media":34694,"template":"","meta":{"_acf_changed":false,"rs_blank_template":"","rs_page_bg_color":"","slide_template_v7":""},"product_brand":[],"product_cat":[85,32],"product_tag":[],"class_list":{"0":"post-34692","1":"product","2":"type-product","3":"status-publish","4":"has-post-thumbnail","6":"product_cat-accesorios-para-almacenamiento-de-energia-sae","7":"product_cat-inversor-para-almacenamiento","9":"first","10":"instock","11":"taxable","12":"shipping-taxable","13":"product-type-simple"},"acf":[],"_links":{"self":[{"href":"https:\/\/bdmax.com.ar\/energia-solar\/wp-json\/wp\/v2\/product\/34692","targetHints":{"allow":["GET"]}}],"collection":[{"href":"https:\/\/bdmax.com.ar\/energia-solar\/wp-json\/wp\/v2\/product"}],"about":[{"href":"https:\/\/bdmax.com.ar\/energia-solar\/wp-json\/wp\/v2\/types\/product"}],"wp:featuredmedia":[{"embeddable":true,"href":"https:\/\/bdmax.com.ar\/energia-solar\/wp-json\/wp\/v2\/media\/34694"}],"wp:attachment":[{"href":"https:\/\/bdmax.com.ar\/energia-solar\/wp-json\/wp\/v2\/media?parent=34692"}],"wp:term":[{"taxonomy":"product_brand","embeddable":true,"href":"https:\/\/bdmax.com.ar\/energia-solar\/wp-json\/wp\/v2\/product_brand?post=34692"},{"taxonomy":"product_cat","embeddable":true,"href":"https:\/\/bdmax.com.ar\/energia-solar\/wp-json\/wp\/v2\/product_cat?post=34692"},{"taxonomy":"product_tag","embeddable":true,"href":"https:\/\/bdmax.com.ar\/energia-solar\/wp-json\/wp\/v2\/product_tag?post=34692"}],"curies":[{"name":"wp","href":"https:\/\/api.w.org\/{rel}","templated":true}]}}