{"id":34689,"date":"2025-10-06T18:27:28","date_gmt":"2025-10-06T21:27:28","guid":{"rendered":"https:\/\/bdmax.com.ar\/energia-solar\/?post_type=product&#038;p=34689"},"modified":"2025-10-06T18:27:28","modified_gmt":"2025-10-06T21:27:28","slug":"noah-2000-bateria","status":"publish","type":"product","link":"https:\/\/bdmax.com.ar\/energia-solar\/product\/noah-2000-bateria\/","title":{"rendered":"NOAH 2000 Bater\u00eda"},"content":{"rendered":"<h5>Adaptabilidad al entorno<\/h5>\n<p>&#8211; Amplio rango de temperatura -20\u00b0C~45\u00b0C<\/p>\n<p>&#8211; Dise\u00f1o IP 66<\/p>\n<p>&#8211; Soporte de arranque a -30\u2103<\/p>\n<h5>Seguridad y fiabilidad<\/h5>\n<p>&#8211; Bater\u00eda LiFePO4<\/p>\n<p>&#8211; Eficiencia MPPT del 99%<\/p>\n<p>&#8211; Hasta 6000+ ciclos<\/p>\n<p>&#8211; 10 a\u00f1os de garant\u00eda<\/p>\n<h5>Flexibilidad de ampliaci\u00f3n<\/h5>\n<p>&#8211; Expansi\u00f3n flexible, hasta 8kWh<\/p>\n<p>&#8211; 2 MPPT con 1800W de entrada solar<\/p>\n<p>&#8211; Conexi\u00f3n de hasta 4 m\u00f3dulos solares<\/p>\n<p>&#8211; Instalaci\u00f3n Plug and Play<\/p>\n<p>-30\u2103 Startup Support<\/p>\n<p>Noah 2000 has a built-in heating film which supports heat up your NOAH 2000 to offer continuous power or nonstop discharging at a low temperature. * Heating function works while the solar is available<\/p>\n","protected":false},"excerpt":{"rendered":"<p>Adaptabilidad al entorno &#8211; Amplio rango de temperatura -20\u00b0C~45\u00b0C &#8211; Dise\u00f1o IP 66 &#8211; Soporte de arranque a -30\u2103 Seguridad y fiabilidad &#8211; Bater\u00eda LiFePO4 &#8211; Eficiencia MPPT del 99% &#8211; Hasta 6000+ ciclos &#8211; 10 a\u00f1os de garant\u00eda Flexibilidad de ampliaci\u00f3n &#8211; Expansi\u00f3n flexible, hasta 8kWh &#8211; 2 MPPT con 1800W de entrada solar [&hellip;]<\/p>\n","protected":false},"featured_media":34691,"template":"","meta":{"_acf_changed":false,"rs_blank_template":"","rs_page_bg_color":"","slide_template_v7":""},"product_brand":[],"product_cat":[84,32],"product_tag":[],"class_list":{"0":"post-34689","1":"product","2":"type-product","3":"status-publish","4":"has-post-thumbnail","6":"product_cat-almacenamiento-de-energia-en-balcones","7":"product_cat-inversor-para-almacenamiento","9":"first","10":"instock","11":"taxable","12":"shipping-taxable","13":"product-type-simple"},"acf":[],"_links":{"self":[{"href":"https:\/\/bdmax.com.ar\/energia-solar\/wp-json\/wp\/v2\/product\/34689","targetHints":{"allow":["GET"]}}],"collection":[{"href":"https:\/\/bdmax.com.ar\/energia-solar\/wp-json\/wp\/v2\/product"}],"about":[{"href":"https:\/\/bdmax.com.ar\/energia-solar\/wp-json\/wp\/v2\/types\/product"}],"wp:featuredmedia":[{"embeddable":true,"href":"https:\/\/bdmax.com.ar\/energia-solar\/wp-json\/wp\/v2\/media\/34691"}],"wp:attachment":[{"href":"https:\/\/bdmax.com.ar\/energia-solar\/wp-json\/wp\/v2\/media?parent=34689"}],"wp:term":[{"taxonomy":"product_brand","embeddable":true,"href":"https:\/\/bdmax.com.ar\/energia-solar\/wp-json\/wp\/v2\/product_brand?post=34689"},{"taxonomy":"product_cat","embeddable":true,"href":"https:\/\/bdmax.com.ar\/energia-solar\/wp-json\/wp\/v2\/product_cat?post=34689"},{"taxonomy":"product_tag","embeddable":true,"href":"https:\/\/bdmax.com.ar\/energia-solar\/wp-json\/wp\/v2\/product_tag?post=34689"}],"curies":[{"name":"wp","href":"https:\/\/api.w.org\/{rel}","templated":true}]}}