{"id":34684,"date":"2025-10-06T18:16:25","date_gmt":"2025-10-06T21:16:25","guid":{"rendered":"https:\/\/bdmax.com.ar\/energia-solar\/?post_type=product&#038;p=34684"},"modified":"2025-10-24T10:30:40","modified_gmt":"2025-10-24T13:30:40","slug":"bateria-ark-xh","status":"publish","type":"product","link":"https:\/\/bdmax.com.ar\/energia-solar\/product\/bateria-ark-xh\/","title":{"rendered":"Bater\u00eda ARK XH"},"content":{"rendered":"<h5>Instalaci\u00f3n sencilla<\/h5>\n<p>&#8211; Instalaci\u00f3n por una sola persona<\/p>\n<p>&#8211; Dise\u00f1o modular y apilable<\/p>\n<p>&#8211; Reconocimiento autom\u00e1tico de m\u00f3dulos<\/p>\n<p>&#8211; IP65 para instalaci\u00f3n en el exterior<\/p>\n<h5>Seguridad y fiabilidad<\/h5>\n<div class=\"cpnba_a fl\">\n<p>&#8211; Bater\u00eda LiFePO4 sin cobalto<\/p>\n<p>&#8211; Alta resistencia a los ciclos y larga vida \u00fatil<\/p>\n<p>&#8211; Arranque suave para proteger al sistema de las sobretensiones<\/p>\n<p>&#8211; Garant\u00eda de sistema completo<\/p>\n<\/div>\n<h5 class=\"cpnba_a fl\">Gesti\u00f3n inteligente de O&amp;M (operaci\u00f3n y mantenimiento)<\/h5>\n<p>&#8211; Activaci\u00f3n autom\u00e1tica por subtensi\u00f3n<\/p>\n<p>&#8211; Diagn\u00f3stico y actualizaci\u00f3n remotos<\/p>\n<p>BATER\u00cdA DE LITIO-FERROFOSTATO DE RENDIMIENTO SUPERIOR<\/p>\n<p>La familia ARK ofrece opciones de energ\u00eda flexibles para soluciones monof\u00e1sicas\/trif\u00e1sicas, h\u00edbridas\/acopladas a CA y aptas para bater\u00eda para diferentes contextos. Incorpora la composici\u00f3n qu\u00edmica LiFePO4 sin cobalto, junto con protecci\u00f3n de varios niveles del sistema de gesti\u00f3n de la bater\u00eda y de los inversores para garantizar su m\u00e1xima seguridad y fiabilidad, un excepcional rendimiento y una prolongada vida \u00fatil. Cuenta con un dise\u00f1o modular apilado y es tan ligero que lo puede instalar una sola persona y, as\u00ed, ahorrar tiempo y costes.<\/p>\n<p>&nbsp;<\/p>\n","protected":false},"excerpt":{"rendered":"<p>Instalaci\u00f3n sencilla &#8211; Instalaci\u00f3n por una sola persona &#8211; Dise\u00f1o modular y apilable &#8211; Reconocimiento autom\u00e1tico de m\u00f3dulos &#8211; IP65 para instalaci\u00f3n en el exterior Seguridad y fiabilidad &#8211; Bater\u00eda LiFePO4 sin cobalto &#8211; Alta resistencia a los ciclos y larga vida \u00fatil &#8211; Arranque suave para proteger al sistema de las sobretensiones &#8211; Garant\u00eda [&hellip;]<\/p>\n","protected":false},"featured_media":34686,"template":"","meta":{"_acf_changed":false,"rs_blank_template":"","rs_page_bg_color":"","slide_template_v7":""},"product_brand":[],"product_cat":[83,32],"product_tag":[],"class_list":{"0":"post-34684","1":"product","2":"type-product","3":"status-publish","4":"has-post-thumbnail","6":"product_cat-bateria-residencial-at","7":"product_cat-inversor-para-almacenamiento","9":"first","10":"instock","11":"taxable","12":"shipping-taxable","13":"product-type-simple"},"acf":[],"_links":{"self":[{"href":"https:\/\/bdmax.com.ar\/energia-solar\/wp-json\/wp\/v2\/product\/34684","targetHints":{"allow":["GET"]}}],"collection":[{"href":"https:\/\/bdmax.com.ar\/energia-solar\/wp-json\/wp\/v2\/product"}],"about":[{"href":"https:\/\/bdmax.com.ar\/energia-solar\/wp-json\/wp\/v2\/types\/product"}],"wp:featuredmedia":[{"embeddable":true,"href":"https:\/\/bdmax.com.ar\/energia-solar\/wp-json\/wp\/v2\/media\/34686"}],"wp:attachment":[{"href":"https:\/\/bdmax.com.ar\/energia-solar\/wp-json\/wp\/v2\/media?parent=34684"}],"wp:term":[{"taxonomy":"product_brand","embeddable":true,"href":"https:\/\/bdmax.com.ar\/energia-solar\/wp-json\/wp\/v2\/product_brand?post=34684"},{"taxonomy":"product_cat","embeddable":true,"href":"https:\/\/bdmax.com.ar\/energia-solar\/wp-json\/wp\/v2\/product_cat?post=34684"},{"taxonomy":"product_tag","embeddable":true,"href":"https:\/\/bdmax.com.ar\/energia-solar\/wp-json\/wp\/v2\/product_tag?post=34684"}],"curies":[{"name":"wp","href":"https:\/\/api.w.org\/{rel}","templated":true}]}}