{"id":34676,"date":"2025-10-06T17:55:18","date_gmt":"2025-10-06T20:55:18","guid":{"rendered":"https:\/\/bdmax.com.ar\/energia-solar\/?post_type=product&#038;p=34676"},"modified":"2025-10-06T17:58:18","modified_gmt":"2025-10-06T20:58:18","slug":"bateria-apx-at","status":"publish","type":"product","link":"https:\/\/bdmax.com.ar\/energia-solar\/product\/bateria-apx-at\/","title":{"rendered":"Bater\u00eda APX AT"},"content":{"rendered":"<h5>Adaptabilidad al entorno<\/h5>\n<p>&#8211; Amplio rango de temperaturas de -10\u00a0\u00b0C~50\u00a0\u00b0C<\/p>\n<p>&#8211; Dise\u00f1o con IP 66<\/p>\n<h5>Seguridad y fiabilidad<\/h5>\n<p>&#8211; Bater\u00eda LiFePO4 sin cobalto<\/p>\n<p>&#8211; Optimizaci\u00f3n energ\u00e9tica modular integrada<\/p>\n<p>&#8211; Protecci\u00f3n pasiva por fusible y aerosol<\/p>\n<p>&#8211; Arranque suave para proteger al sistema de las sobretensiones<\/p>\n<h5>Flexibilidad de expansi\u00f3n<\/h5>\n<p>&#8211; Conexi\u00f3n en paralelo de conmutaci\u00f3n suave de la bater\u00eda<\/p>\n<p>&#8211; Paquetes mixtos de lotes nuevos y antiguos<\/p>\n<p>&#8211; Paquetes mixtos de diferentes capacidades<\/p>\n<p>&#8211; Paquetes mixtos de distintos proveedores<\/p>\n<p>BATER\u00cdA DE LITIO-FERROFOSTATO DE RENDIMIENTO SUPERIOR<\/p>\n<p>El sistema de bater\u00edas APX tiene una composici\u00f3n qu\u00edmica LiFePO4 sin cobalto y una protecci\u00f3n de cuatro niveles mediante el sistema de gesti\u00f3n de bater\u00eda, optimizador de energ\u00eda modular, fusible y aerosol para garantizar una seguridad y fiabilidad \u00f3ptimas, y una larga vida \u00fatil. Adem\u00e1s, la optimizaci\u00f3n modular de la energ\u00eda asegura que el sistema aproveche al m\u00e1ximo la energ\u00eda de cada energ\u00eda de paquete, combine paquetes de lotes nuevos y antiguos, y combine paquetes de diferentes capacidades, lo cual brinda la aplicaci\u00f3n m\u00e1s flexible del sistema.<\/p>\n","protected":false},"excerpt":{"rendered":"<p>Adaptabilidad al entorno &#8211; Amplio rango de temperaturas de -10\u00a0\u00b0C~50\u00a0\u00b0C &#8211; Dise\u00f1o con IP 66 Seguridad y fiabilidad &#8211; Bater\u00eda LiFePO4 sin cobalto &#8211; Optimizaci\u00f3n energ\u00e9tica modular integrada &#8211; Protecci\u00f3n pasiva por fusible y aerosol &#8211; Arranque suave para proteger al sistema de las sobretensiones Flexibilidad de expansi\u00f3n &#8211; Conexi\u00f3n en paralelo de conmutaci\u00f3n suave [&hellip;]<\/p>\n","protected":false},"featured_media":34679,"template":"","meta":{"_acf_changed":false,"rs_blank_template":"","rs_page_bg_color":"","slide_template_v7":""},"product_brand":[],"product_cat":[83,32],"product_tag":[],"class_list":{"0":"post-34676","1":"product","2":"type-product","3":"status-publish","4":"has-post-thumbnail","6":"product_cat-bateria-residencial-at","7":"product_cat-inversor-para-almacenamiento","9":"first","10":"instock","11":"taxable","12":"shipping-taxable","13":"product-type-simple"},"acf":[],"_links":{"self":[{"href":"https:\/\/bdmax.com.ar\/energia-solar\/wp-json\/wp\/v2\/product\/34676","targetHints":{"allow":["GET"]}}],"collection":[{"href":"https:\/\/bdmax.com.ar\/energia-solar\/wp-json\/wp\/v2\/product"}],"about":[{"href":"https:\/\/bdmax.com.ar\/energia-solar\/wp-json\/wp\/v2\/types\/product"}],"wp:featuredmedia":[{"embeddable":true,"href":"https:\/\/bdmax.com.ar\/energia-solar\/wp-json\/wp\/v2\/media\/34679"}],"wp:attachment":[{"href":"https:\/\/bdmax.com.ar\/energia-solar\/wp-json\/wp\/v2\/media?parent=34676"}],"wp:term":[{"taxonomy":"product_brand","embeddable":true,"href":"https:\/\/bdmax.com.ar\/energia-solar\/wp-json\/wp\/v2\/product_brand?post=34676"},{"taxonomy":"product_cat","embeddable":true,"href":"https:\/\/bdmax.com.ar\/energia-solar\/wp-json\/wp\/v2\/product_cat?post=34676"},{"taxonomy":"product_tag","embeddable":true,"href":"https:\/\/bdmax.com.ar\/energia-solar\/wp-json\/wp\/v2\/product_tag?post=34676"}],"curies":[{"name":"wp","href":"https:\/\/api.w.org\/{rel}","templated":true}]}}