{"id":34664,"date":"2025-09-26T18:32:45","date_gmt":"2025-09-26T21:32:45","guid":{"rendered":"https:\/\/bdmax.com.ar\/energia-solar\/?post_type=product&#038;p=34664"},"modified":"2025-09-26T18:32:46","modified_gmt":"2025-09-26T21:32:46","slug":"bateria-axe-bt","status":"publish","type":"product","link":"https:\/\/bdmax.com.ar\/energia-solar\/product\/bateria-axe-bt\/","title":{"rendered":"Bater\u00eda AXE BT"},"content":{"rendered":"<h5>Instalaci\u00f3n sencilla<\/h5>\n<p>&#8211; Instalaci\u00f3n en treinta minutos * tiempo estimado<\/p>\n<p>&#8211; Instalaci\u00f3n apilada sin conexi\u00f3n por cable<\/p>\n<p>&#8211; Reconocimiento autom\u00e1tico de m\u00f3dulos<\/p>\n<h5>Seguridad y fiabilidad<\/h5>\n<p>&#8211; Bater\u00eda LiFePO4 sin cobalto<\/p>\n<p>&#8211; Alta resistencia a los ciclos y larga vida \u00fatil<\/p>\n<p>&#8211; Arranque suave para proteger al sistema de las sobretensiones<\/p>\n<p>&#8211; Garant\u00eda de sistema completo<\/p>\n<h5>Gesti\u00f3n inteligente de O&amp;M (operaci\u00f3n y mantenimiento)<\/h5>\n<p>&#8211; Activaci\u00f3n autom\u00e1tica por subtensi\u00f3n<\/p>\n<p>&#8211; Diagn\u00f3stico y actualizaci\u00f3n remotos<\/p>\n<p>&nbsp;<\/p>\n","protected":false},"excerpt":{"rendered":"<p>Instalaci\u00f3n sencilla &#8211; Instalaci\u00f3n en treinta minutos * tiempo estimado &#8211; Instalaci\u00f3n apilada sin conexi\u00f3n por cable &#8211; Reconocimiento autom\u00e1tico de m\u00f3dulos Seguridad y fiabilidad &#8211; Bater\u00eda LiFePO4 sin cobalto &#8211; Alta resistencia a los ciclos y larga vida \u00fatil &#8211; Arranque suave para proteger al sistema de las sobretensiones &#8211; Garant\u00eda de sistema completo [&hellip;]<\/p>\n","protected":false},"featured_media":34666,"template":"","meta":{"_acf_changed":false,"rs_blank_template":"","rs_page_bg_color":"","slide_template_v7":""},"product_brand":[],"product_cat":[82,32],"product_tag":[],"class_list":{"0":"post-34664","1":"product","2":"type-product","3":"status-publish","4":"has-post-thumbnail","6":"product_cat-bateria-residencial-bt","7":"product_cat-inversor-para-almacenamiento","9":"first","10":"instock","11":"taxable","12":"shipping-taxable","13":"product-type-simple"},"acf":[],"_links":{"self":[{"href":"https:\/\/bdmax.com.ar\/energia-solar\/wp-json\/wp\/v2\/product\/34664","targetHints":{"allow":["GET"]}}],"collection":[{"href":"https:\/\/bdmax.com.ar\/energia-solar\/wp-json\/wp\/v2\/product"}],"about":[{"href":"https:\/\/bdmax.com.ar\/energia-solar\/wp-json\/wp\/v2\/types\/product"}],"wp:featuredmedia":[{"embeddable":true,"href":"https:\/\/bdmax.com.ar\/energia-solar\/wp-json\/wp\/v2\/media\/34666"}],"wp:attachment":[{"href":"https:\/\/bdmax.com.ar\/energia-solar\/wp-json\/wp\/v2\/media?parent=34664"}],"wp:term":[{"taxonomy":"product_brand","embeddable":true,"href":"https:\/\/bdmax.com.ar\/energia-solar\/wp-json\/wp\/v2\/product_brand?post=34664"},{"taxonomy":"product_cat","embeddable":true,"href":"https:\/\/bdmax.com.ar\/energia-solar\/wp-json\/wp\/v2\/product_cat?post=34664"},{"taxonomy":"product_tag","embeddable":true,"href":"https:\/\/bdmax.com.ar\/energia-solar\/wp-json\/wp\/v2\/product_tag?post=34664"}],"curies":[{"name":"wp","href":"https:\/\/api.w.org\/{rel}","templated":true}]}}