{"id":34653,"date":"2025-09-26T18:12:49","date_gmt":"2025-09-26T21:12:49","guid":{"rendered":"https:\/\/bdmax.com.ar\/energia-solar\/?post_type=product&#038;p=34653"},"modified":"2025-09-26T18:34:45","modified_gmt":"2025-09-26T21:34:45","slug":"spf-4-12kt-hvm","status":"publish","type":"product","link":"https:\/\/bdmax.com.ar\/energia-solar\/product\/spf-4-12kt-hvm\/","title":{"rendered":"SPF 4-12KT HVM"},"content":{"rendered":"<h5>Elevados rendimientos<\/h5>\n<p>&#8211; Factor de potencia de salida de hasta 1,0<\/p>\n<p>&#8211; Capacidad para soportar 2 veces la potencia m\u00e1xima<\/p>\n<h5>Ampliable &amp; Flexible<\/h5>\n<p>&#8211; Modos multiadaptados para diversos contextos<\/p>\n<p>&#8211; Admite m\u00faltiples fuentes de energ\u00eda, como la FV, la bater\u00eda, el generador di\u00e9sel y la red el\u00e9ctrica.<\/p>\n<p>&#8211; Compatible con bater\u00edas de litio, plomo-\u00e1cido y de GEL<\/p>\n<h5>Inteligente &amp; Fiable<\/h5>\n<p>&#8211; Admite monitorizaci\u00f3n remota mediante wifi y GPRS<\/p>\n<p>&#8211; Plataforma PVkeeper para permitir la puesta en servicio local<\/p>\n<p>&#8211; Transformador de baja frecuencia integrado<\/p>\n<p>INVERSOR AISLADO DE BAJA FRECUENCIA<\/p>\n<p>El inversor de la serie de baja frecuencia SPF incorpora un potente transformador que tiene la prestaci\u00f3n de cargas de impacto, como bombas, motores y algunos dispositivos de par elevado.<\/p>\n","protected":false},"excerpt":{"rendered":"<p>Elevados rendimientos &#8211; Factor de potencia de salida de hasta 1,0 &#8211; Capacidad para soportar 2 veces la potencia m\u00e1xima Ampliable &amp; Flexible &#8211; Modos multiadaptados para diversos contextos &#8211; Admite m\u00faltiples fuentes de energ\u00eda, como la FV, la bater\u00eda, el generador di\u00e9sel y la red el\u00e9ctrica. &#8211; Compatible con bater\u00edas de litio, plomo-\u00e1cido y [&hellip;]<\/p>\n","protected":false},"featured_media":34656,"template":"","meta":{"_acf_changed":false,"rs_blank_template":"","rs_page_bg_color":"","slide_template_v7":""},"product_brand":[],"product_cat":[81,32],"product_tag":[],"class_list":{"0":"post-34653","1":"product","2":"type-product","3":"status-publish","4":"has-post-thumbnail","6":"product_cat-inversor-fv-para-almacenamiento-aislado-de-red","7":"product_cat-inversor-para-almacenamiento","9":"first","10":"instock","11":"taxable","12":"shipping-taxable","13":"product-type-simple"},"acf":[],"_links":{"self":[{"href":"https:\/\/bdmax.com.ar\/energia-solar\/wp-json\/wp\/v2\/product\/34653","targetHints":{"allow":["GET"]}}],"collection":[{"href":"https:\/\/bdmax.com.ar\/energia-solar\/wp-json\/wp\/v2\/product"}],"about":[{"href":"https:\/\/bdmax.com.ar\/energia-solar\/wp-json\/wp\/v2\/types\/product"}],"wp:featuredmedia":[{"embeddable":true,"href":"https:\/\/bdmax.com.ar\/energia-solar\/wp-json\/wp\/v2\/media\/34656"}],"wp:attachment":[{"href":"https:\/\/bdmax.com.ar\/energia-solar\/wp-json\/wp\/v2\/media?parent=34653"}],"wp:term":[{"taxonomy":"product_brand","embeddable":true,"href":"https:\/\/bdmax.com.ar\/energia-solar\/wp-json\/wp\/v2\/product_brand?post=34653"},{"taxonomy":"product_cat","embeddable":true,"href":"https:\/\/bdmax.com.ar\/energia-solar\/wp-json\/wp\/v2\/product_cat?post=34653"},{"taxonomy":"product_tag","embeddable":true,"href":"https:\/\/bdmax.com.ar\/energia-solar\/wp-json\/wp\/v2\/product_tag?post=34653"}],"curies":[{"name":"wp","href":"https:\/\/api.w.org\/{rel}","templated":true}]}}