{"id":34640,"date":"2025-09-26T17:53:05","date_gmt":"2025-09-26T20:53:05","guid":{"rendered":"https:\/\/bdmax.com.ar\/energia-solar\/?post_type=product&#038;p=34640"},"modified":"2025-10-24T11:08:46","modified_gmt":"2025-10-24T14:08:46","slug":"mod-3000-10000tl3-xh","status":"publish","type":"product","link":"https:\/\/bdmax.com.ar\/energia-solar\/product\/mod-3000-10000tl3-xh\/","title":{"rendered":"MOD 3000-10000TL3-XH"},"content":{"rendered":"<h5>Valor fundamental<\/h5>\n<p>&#8211; Preparado para las bater\u00edas del futuro<\/p>\n<p>&#8211; Baja inversi\u00f3n inicial<\/p>\n<h5>Elevados rendimientos<\/h5>\n<p>&#8211; Relaci\u00f3n CC\/CA de hasta 2,0<\/p>\n<p>&#8211; Eficiencia m\u00e1x. del 98,6\u00a0%<\/p>\n<p>&#8211; MPPT dobles<\/p>\n<h5>Seguridad y fiabilidad<\/h5>\n<p>&#8211; SPD (Dispositivo de protecci\u00f3n contra sobretensiones) de tipo II en los lados CA&amp;CC<\/p>\n<p>&#8211; Compatible con la limitaci\u00f3n de exportaci\u00f3n<\/p>\n<p>&#8211; Funci\u00f3n AFCI opcional<\/p>\n<p>PREPARADO PARA LAS BATER\u00cdAS, LISTO PARA EL FUTURO<\/p>\n<p>La serie XH es el \u00faltimo inversor residencial inteligente conectado a red y posee una gran adaptabilidad, lo cual permite a los clientes hacer una inversi\u00f3n inicial baja. Gracias a la interfaz de la bater\u00eda, es f\u00e1cilmente ampliable a un futuro sistema de almacenamiento sin necesidad de dispositivos adicionales o costes de reacondicionamiento; tambi\u00e9n soporta 2 veces la potencia de salida.<\/p>\n","protected":false},"excerpt":{"rendered":"<p>Valor fundamental &#8211; Preparado para las bater\u00edas del futuro &#8211; Baja inversi\u00f3n inicial Elevados rendimientos &#8211; Relaci\u00f3n CC\/CA de hasta 2,0 &#8211; Eficiencia m\u00e1x. del 98,6\u00a0% &#8211; MPPT dobles Seguridad y fiabilidad &#8211; SPD (Dispositivo de protecci\u00f3n contra sobretensiones) de tipo II en los lados CA&amp;CC &#8211; Compatible con la limitaci\u00f3n de exportaci\u00f3n &#8211; Funci\u00f3n [&hellip;]<\/p>\n","protected":false},"featured_media":34739,"template":"","meta":{"_acf_changed":false,"rs_blank_template":"","rs_page_bg_color":"","slide_template_v7":""},"product_brand":[],"product_cat":[79,32],"product_tag":[],"class_list":{"0":"post-34640","1":"product","2":"type-product","3":"status-publish","4":"has-post-thumbnail","6":"product_cat-inversor-battery-ready","7":"product_cat-inversor-para-almacenamiento","9":"first","10":"instock","11":"taxable","12":"shipping-taxable","13":"product-type-simple"},"acf":[],"_links":{"self":[{"href":"https:\/\/bdmax.com.ar\/energia-solar\/wp-json\/wp\/v2\/product\/34640","targetHints":{"allow":["GET"]}}],"collection":[{"href":"https:\/\/bdmax.com.ar\/energia-solar\/wp-json\/wp\/v2\/product"}],"about":[{"href":"https:\/\/bdmax.com.ar\/energia-solar\/wp-json\/wp\/v2\/types\/product"}],"wp:featuredmedia":[{"embeddable":true,"href":"https:\/\/bdmax.com.ar\/energia-solar\/wp-json\/wp\/v2\/media\/34739"}],"wp:attachment":[{"href":"https:\/\/bdmax.com.ar\/energia-solar\/wp-json\/wp\/v2\/media?parent=34640"}],"wp:term":[{"taxonomy":"product_brand","embeddable":true,"href":"https:\/\/bdmax.com.ar\/energia-solar\/wp-json\/wp\/v2\/product_brand?post=34640"},{"taxonomy":"product_cat","embeddable":true,"href":"https:\/\/bdmax.com.ar\/energia-solar\/wp-json\/wp\/v2\/product_cat?post=34640"},{"taxonomy":"product_tag","embeddable":true,"href":"https:\/\/bdmax.com.ar\/energia-solar\/wp-json\/wp\/v2\/product_tag?post=34640"}],"curies":[{"name":"wp","href":"https:\/\/api.w.org\/{rel}","templated":true}]}}