{"id":34633,"date":"2025-09-26T17:25:02","date_gmt":"2025-09-26T20:25:02","guid":{"rendered":"https:\/\/bdmax.com.ar\/energia-solar\/?post_type=product&#038;p=34633"},"modified":"2025-09-26T18:38:35","modified_gmt":"2025-09-26T21:38:35","slug":"mid-33-50ktl3-x2","status":"publish","type":"product","link":"https:\/\/bdmax.com.ar\/energia-solar\/product\/mid-33-50ktl3-x2\/","title":{"rendered":"MID 33-50KTL3-X2"},"content":{"rendered":"<h5>Elevados rendimientos<\/h5>\n<p>&#8211; Eficiencia m\u00e1x.de hasta el 98.5\u00a0%<\/p>\n<p>&#8211; 3\/4 MPPT<\/p>\n<h5>Seguridad y fiabilidad<\/h5>\n<p>&#8211; SPD (Dispositivo de protecci\u00f3n contra sobretensiones) de tipo II en los lados de CC y de CA<\/p>\n<p>&#8211; Grado de protecci\u00f3n IP66<\/p>\n<p>&#8211; Funci\u00f3n AFCI opcional<\/p>\n<h5>Gesti\u00f3n inteligente de O&amp;M (operaci\u00f3n y mantenimiento)<\/h5>\n<p>&#8211; Monitorizaci\u00f3n inteligente de cadenas<\/p>\n<p>&#8211; Servicio inteligente en l\u00ednea<\/p>\n","protected":false},"excerpt":{"rendered":"<p>Elevados rendimientos &#8211; Eficiencia m\u00e1x.de hasta el 98.5\u00a0% &#8211; 3\/4 MPPT Seguridad y fiabilidad &#8211; SPD (Dispositivo de protecci\u00f3n contra sobretensiones) de tipo II en los lados de CC y de CA &#8211; Grado de protecci\u00f3n IP66 &#8211; Funci\u00f3n AFCI opcional Gesti\u00f3n inteligente de O&amp;M (operaci\u00f3n y mantenimiento) &#8211; Monitorizaci\u00f3n inteligente de cadenas &#8211; Servicio [&hellip;]<\/p>\n","protected":false},"featured_media":34635,"template":"","meta":{"_acf_changed":false,"rs_blank_template":"","rs_page_bg_color":"","slide_template_v7":""},"product_brand":[],"product_cat":[25,94],"product_tag":[],"class_list":{"0":"post-34633","1":"product","2":"type-product","3":"status-publish","4":"has-post-thumbnail","6":"product_cat-inversor-fv-comercial-industrial","7":"product_cat-inversor-fv-conectado-a-la-red","9":"first","10":"instock","11":"taxable","12":"shipping-taxable","13":"product-type-simple"},"acf":[],"_links":{"self":[{"href":"https:\/\/bdmax.com.ar\/energia-solar\/wp-json\/wp\/v2\/product\/34633","targetHints":{"allow":["GET"]}}],"collection":[{"href":"https:\/\/bdmax.com.ar\/energia-solar\/wp-json\/wp\/v2\/product"}],"about":[{"href":"https:\/\/bdmax.com.ar\/energia-solar\/wp-json\/wp\/v2\/types\/product"}],"wp:featuredmedia":[{"embeddable":true,"href":"https:\/\/bdmax.com.ar\/energia-solar\/wp-json\/wp\/v2\/media\/34635"}],"wp:attachment":[{"href":"https:\/\/bdmax.com.ar\/energia-solar\/wp-json\/wp\/v2\/media?parent=34633"}],"wp:term":[{"taxonomy":"product_brand","embeddable":true,"href":"https:\/\/bdmax.com.ar\/energia-solar\/wp-json\/wp\/v2\/product_brand?post=34633"},{"taxonomy":"product_cat","embeddable":true,"href":"https:\/\/bdmax.com.ar\/energia-solar\/wp-json\/wp\/v2\/product_cat?post=34633"},{"taxonomy":"product_tag","embeddable":true,"href":"https:\/\/bdmax.com.ar\/energia-solar\/wp-json\/wp\/v2\/product_tag?post=34633"}],"curies":[{"name":"wp","href":"https:\/\/api.w.org\/{rel}","templated":true}]}}