{"id":31803,"date":"2024-12-17T09:42:18","date_gmt":"2024-12-17T09:42:18","guid":{"rendered":"https:\/\/demo.casethemes.net\/sungo\/product\/black-shoes-copy\/"},"modified":"2025-09-26T18:41:09","modified_gmt":"2025-09-26T21:41:09","slug":"neo-600-1000m-x","status":"publish","type":"product","link":"https:\/\/bdmax.com.ar\/energia-solar\/product\/neo-600-1000m-x\/","title":{"rendered":"NEO 600-1000M-X"},"content":{"rendered":"<h5>Inversor FV para Almacenamiento Aislado de Red<\/h5>\n<p>CARACTER\u00cdSTICAS CLAVE<\/p>\n<h5>Alto rendimiento<\/h5>\n<p>&#8211; Eficiencia m\u00e1xima del 97,3<\/p>\n<p>&#8211; Dos seguidores MPP<\/p>\n<p>&#8211; Corriente de cadena de hasta 18 A<\/p>\n<h5>Seguridad y fiabilidad<\/h5>\n<p>&#8211; SPD de tipo III en el lado de CA<\/p>\n<p>&#8211; Grado de protecci\u00f3n IP67<\/p>\n<h5>O&amp;M inteligente<\/h5>\n<p>&#8211; Supervisi\u00f3n a nivel de m\u00f3dulo<\/p>\n<p>&#8211; Servicio y mantenimiento inteligentes en l\u00ednea<\/p>\n<p>&nbsp;<\/p>\n<p><img fetchpriority=\"high\" decoding=\"async\" class=\"alignnone size-full wp-image-34562\" src=\"https:\/\/bdmax.com.ar\/energia-solar\/wp-content\/uploads\/2024\/12\/NEO6002.png\" alt=\"\" width=\"1920\" height=\"700\" srcset=\"https:\/\/bdmax.com.ar\/energia-solar\/wp-content\/uploads\/2024\/12\/NEO6002.png 1920w, https:\/\/bdmax.com.ar\/energia-solar\/wp-content\/uploads\/2024\/12\/NEO6002-300x109.png 300w, https:\/\/bdmax.com.ar\/energia-solar\/wp-content\/uploads\/2024\/12\/NEO6002-1024x373.png 1024w, https:\/\/bdmax.com.ar\/energia-solar\/wp-content\/uploads\/2024\/12\/NEO6002-768x280.png 768w, https:\/\/bdmax.com.ar\/energia-solar\/wp-content\/uploads\/2024\/12\/NEO6002-1536x560.png 1536w, https:\/\/bdmax.com.ar\/energia-solar\/wp-content\/uploads\/2024\/12\/NEO6002-18x7.png 18w, https:\/\/bdmax.com.ar\/energia-solar\/wp-content\/uploads\/2024\/12\/NEO6002-1170x427.png 1170w, https:\/\/bdmax.com.ar\/energia-solar\/wp-content\/uploads\/2024\/12\/NEO6002-600x219.png 600w\" sizes=\"(max-width: 1920px) 100vw, 1920px\" \/><\/p>\n","protected":false},"excerpt":{"rendered":"<p>Inversor FV para Almacenamiento Aislado de Red CARACTER\u00cdSTICAS CLAVE Alto rendimiento &#8211; Eficiencia m\u00e1xima del 97,3 &#8211; Dos seguidores MPP &#8211; Corriente de cadena de hasta 18 A Seguridad y fiabilidad &#8211; SPD de tipo III en el lado de CA &#8211; Grado de protecci\u00f3n IP67 O&amp;M inteligente &#8211; Supervisi\u00f3n a nivel de m\u00f3dulo &#8211; [&hellip;]<\/p>\n","protected":false},"featured_media":34561,"template":"","meta":{"_acf_changed":false,"rs_blank_template":"","rs_page_bg_color":"","slide_template_v7":""},"product_brand":[],"product_cat":[94,77],"product_tag":[],"class_list":{"0":"post-31803","1":"product","2":"type-product","3":"status-publish","4":"has-post-thumbnail","6":"product_cat-inversor-fv-conectado-a-la-red","7":"product_cat-microinversores","9":"first","10":"instock","11":"taxable","12":"shipping-taxable","13":"product-type-simple"},"acf":[],"_links":{"self":[{"href":"https:\/\/bdmax.com.ar\/energia-solar\/wp-json\/wp\/v2\/product\/31803","targetHints":{"allow":["GET"]}}],"collection":[{"href":"https:\/\/bdmax.com.ar\/energia-solar\/wp-json\/wp\/v2\/product"}],"about":[{"href":"https:\/\/bdmax.com.ar\/energia-solar\/wp-json\/wp\/v2\/types\/product"}],"wp:featuredmedia":[{"embeddable":true,"href":"https:\/\/bdmax.com.ar\/energia-solar\/wp-json\/wp\/v2\/media\/34561"}],"wp:attachment":[{"href":"https:\/\/bdmax.com.ar\/energia-solar\/wp-json\/wp\/v2\/media?parent=31803"}],"wp:term":[{"taxonomy":"product_brand","embeddable":true,"href":"https:\/\/bdmax.com.ar\/energia-solar\/wp-json\/wp\/v2\/product_brand?post=31803"},{"taxonomy":"product_cat","embeddable":true,"href":"https:\/\/bdmax.com.ar\/energia-solar\/wp-json\/wp\/v2\/product_cat?post=31803"},{"taxonomy":"product_tag","embeddable":true,"href":"https:\/\/bdmax.com.ar\/energia-solar\/wp-json\/wp\/v2\/product_tag?post=31803"}],"curies":[{"name":"wp","href":"https:\/\/api.w.org\/{rel}","templated":true}]}}